{"id":2,"date":"2022-01-26T14:06:19","date_gmt":"2022-01-26T14:06:19","guid":{"rendered":"http:\/\/www.cinseabedots.be\/wordpress\/?page_id=2"},"modified":"2026-04-23T16:56:26","modified_gmt":"2026-04-23T16:56:26","slug":"sample-page","status":"publish","type":"page","link":"https:\/\/www.lafermedesbedots.be\/","title":{"rendered":"Accueil"},"content":{"rendered":"\n<h2 class=\"wp-block-heading\" id=\"bienvenue-a-la-ferme-des-bedots-anciennement-cinse-a-bedots\">Bienvenue \u00e0 la Ferme des B\u00e8dots (anciennement &#8220;Cinse \u00e0 B\u00e8dots&#8221;) <\/h2>\n\n\n\n<p><\/p>\n\n\n\n<p><em>Bonjour \u00e0 tous les futurs campeurs et campeuses et bienvenue dans notre petit camping (10-15 emplacements) implant\u00e9 au milieu d&#8217;une fermette en transformation au coeur d&#8217;une r\u00e9gion verdoyante!<\/em><\/p>\n\n\n\n<p class=\"has-text-align-center has-vivid-green-cyan-color has-text-color has-large-font-size\"><strong>SAISON 2026 <\/strong><\/p>\n\n\n\n<p class=\"has-text-align-center has-medium-font-size\">Nos petites boules de laine rousses ardennaises, 1OO % rustique , ont bien grandies et ont maintenant 2 nouveaux compagnons aux longues oreilles, Zoro et Petit-Tonnerre! Ces charmants \u00e2nes sont venus de loin pour vivre des jours plus paisibles dans nos belles prairies et seront ravis de faire votre connaissance. Attention, ils sont tr\u00e8s gourmands! <\/p>\n\n\n\n<p>Ludwig a commenc\u00e9 \u00e0 vendre ses l\u00e9gumes et ceux de copains sur le march\u00e9 de la Place des Chasseurs Ardennais, 1030 Schaerbeek,  tous les vendredis de 13h30 \u00e0 20h. <\/p>\n\n\n\n<p>Vous pourrez aussi go\u00fbter son assortiment de d\u00e9licieux fruits en provenance de France et du Sud de l&#8217;Europe. <\/p>\n\n\n\n<p>Nouveaut\u00e9 cette ann\u00e9e ; Le samedi matin on montera quelques tables pour offrir l&#8217;occasion aux campeurs et aux visiteurs de faire leur course sur place !!<\/p>\n\n\n\n<p><\/p>\n\n\n\n<p class=\"has-text-align-center has-large-font-size\">CAMPING OUVERT DE MAI A OCTOBRE<\/p>\n\n\n\n<p class=\"has-text-align-center\"><strong>FONCTIONNEMENT SANS RENDEZ VOUS , R\u00c9SERVATION POSSIBLE UNIQUEMENT AVEC UN ACOMPTE<\/strong><\/p>\n\n\n\n<p><\/p>\n\n\n\n<p><\/p>\n\n\n\n<p><\/p>\n\n\n\n<h2 class=\"wp-block-heading\"><strong><mark style=\"background-color:rgba(0, 0, 0, 0)\" class=\"has-inline-color has-vivid-red-color\">1er Mai 2026     Portes ouvertes \u00e0 la Ferme et ouverture du camping<\/mark><\/strong><\/h2>\n\n\n\n<h2 class=\"wp-block-heading\"><\/h2>\n\n\n\n<div data-wp-interactive=\"core\/file\" class=\"wp-block-file aligncenter\"><object data-wp-bind--hidden=\"!state.hasPdfPreview\"  class=\"wp-block-file__embed\" data=\"https:\/\/www.lafermedesbedots.be\/wp-content\/uploads\/2026\/04\/Affiche-1er-mai2026.pdf\" type=\"application\/pdf\" style=\"width:100%;height:600px\" aria-label=\"Embed of Affiche 1er mai2026.\"><\/object><a id=\"wp-block-file--media-0c6cf093-0e18-4cdc-8cf9-4a3135cd8862\" href=\"https:\/\/www.lafermedesbedots.be\/wp-content\/uploads\/2026\/04\/Affiche-1er-mai2026.pdf\">Affiche 1er mai2026<\/a><a href=\"https:\/\/www.lafermedesbedots.be\/wp-content\/uploads\/2026\/04\/Affiche-1er-mai2026.pdf\" class=\"wp-block-file__button wp-element-button\" download aria-describedby=\"wp-block-file--media-0c6cf093-0e18-4cdc-8cf9-4a3135cd8862\">Download<\/a><\/div>\n\n\n\n<p>Au programme : Pain Saucisse, Salades, Visites de la Ferme, Jeux \u00e0 disposition, Musique militante, Bar, Micro March\u00e9 ( Miel, Fruits et l\u00e9gumes ) et peut \u00eatre d&#8217;autres surprises&#8230;<\/p>\n\n\n\n<p>Horaire : 11h &#8211; 19h<\/p>\n\n\n\n<p><\/p>\n\n\n\n<p><\/p>\n\n\n\n<p><\/p>\n\n\n\n<div class=\"wp-block-group alignwide is-content-justification-center is-nowrap is-layout-flex wp-container-core-group-is-layout-1 wp-block-group-is-layout-flex\">\n<p class=\"has-medium-font-size\"><\/p>\n\n\n\n<div class=\"wp-block-columns is-layout-flex wp-container-core-columns-is-layout-1 wp-block-columns-is-layout-flex\">\n<div class=\"wp-block-column is-layout-flow wp-block-column-is-layout-flow\" style=\"flex-basis:100%\"><\/div>\n<\/div>\n\n\n\n<p><\/p>\n<\/div>\n\n\n\n<h2 class=\"wp-block-heading\"><\/h2>\n\n\n\n<p><strong>MERCI D&#8217;AVANCE POUR TOUS VOS SOUTIENS<\/strong><\/p>\n\n\n\n<p class=\"has-vivid-green-cyan-color has-text-color has-medium-font-size\"> <strong>Les irr\u00e9ductibles propri\u00e9taires : Ludwig, Vincent, Ga\u00eblle, Elsa, Z\u00e9phyr et notre chienne Fjiala <\/strong><\/p>\n\n\n\n<p><strong>Si vous d\u00e9sirez nous pr\u00eater mains fortes dans notre projet, d&#8217;une quelconque mani\u00e8re, n&#8217;h\u00e9sitez pas \u00e0 nous contacter par mail de pr\u00e9f\u00e9rence ! <\/strong>  <\/p>\n\n\n\n<p><\/p>\n","protected":false},"excerpt":{"rendered":"<p>Bienvenue \u00e0 la Ferme des B\u00e8dots (anciennement &#8220;Cinse \u00e0 B\u00e8dots&#8221;) Bonjour \u00e0 tous les futurs campeurs et campeuses et bienvenue dans notre petit camping (10-15 emplacements) implant\u00e9 au milieu d&#8217;une fermette en transformation au coeur d&#8217;une r\u00e9gion verdoyante! SAISON 2026 Nos petites boules de laine rousses ardennaises, 1OO % rustique , ont bien grandies et <a class=\"read-more\" href=\"https:\/\/www.lafermedesbedots.be\/\">READ MORE<\/a><\/p>\n","protected":false},"author":1,"featured_media":0,"parent":0,"menu_order":0,"comment_status":"closed","ping_status":"open","template":"","meta":{"footnotes":""},"class_list":["post-2","page","type-page","status-publish","hentry"],"_links":{"self":[{"href":"https:\/\/www.lafermedesbedots.be\/index.php\/wp-json\/wp\/v2\/pages\/2"}],"collection":[{"href":"https:\/\/www.lafermedesbedots.be\/index.php\/wp-json\/wp\/v2\/pages"}],"about":[{"href":"https:\/\/www.lafermedesbedots.be\/index.php\/wp-json\/wp\/v2\/types\/page"}],"author":[{"embeddable":true,"href":"https:\/\/www.lafermedesbedots.be\/index.php\/wp-json\/wp\/v2\/users\/1"}],"replies":[{"embeddable":true,"href":"https:\/\/www.lafermedesbedots.be\/index.php\/wp-json\/wp\/v2\/comments?post=2"}],"version-history":[{"count":52,"href":"https:\/\/www.lafermedesbedots.be\/index.php\/wp-json\/wp\/v2\/pages\/2\/revisions"}],"predecessor-version":[{"id":279,"href":"https:\/\/www.lafermedesbedots.be\/index.php\/wp-json\/wp\/v2\/pages\/2\/revisions\/279"}],"wp:attachment":[{"href":"https:\/\/www.lafermedesbedots.be\/index.php\/wp-json\/wp\/v2\/media?parent=2"}],"curies":[{"name":"wp","href":"https:\/\/api.w.org\/{rel}","templated":true}]}}