{"id":219,"date":"2025-05-09T12:50:08","date_gmt":"2025-05-09T12:50:08","guid":{"rendered":"https:\/\/www.lafermedesbedots.be\/?page_id=219"},"modified":"2025-05-09T13:41:51","modified_gmt":"2025-05-09T13:41:51","slug":"fruits-du-verger","status":"publish","type":"page","link":"https:\/\/www.lafermedesbedots.be\/index.php\/fruits-du-verger\/","title":{"rendered":"Fruits du Verger"},"content":{"rendered":"\n<div class=\"wp-block-columns is-layout-flex wp-container-core-columns-is-layout-1 wp-block-columns-is-layout-flex\">\n<div class=\"wp-block-column is-layout-flow wp-block-column-is-layout-flow\">\n<p>Notre camping abrite en son c\u0153ur un magnifique verger compos\u00e9 de nombreux arbres fruitiers qui produisent g\u00e9n\u00e9reusement entre 350 et 500 kg de fruits chaque ann\u00e9e. Ces arbres, parfaitement int\u00e9gr\u00e9s dans l&#8217;espace de notre camping, offrent non seulement de l&#8217;ombre agr\u00e9able mais aussi leurs d\u00e9licieuses r\u00e9coltes.<\/p>\n\n\n\n<p>La majeure partie de notre r\u00e9colte est transform\u00e9e en un savoureux jus de fruits artisanal que nous pressons avec soin. Une partie de cette production pr\u00e9cieuse est r\u00e9serv\u00e9e \u00e0 la vente directement au camping, vous permettant de d\u00e9guster un nectar 100% naturel et local pendant votre s\u00e9jour ou d&#8217;emporter un souvenir gustatif de vos vacances.<\/p>\n<\/div>\n\n\n\n<div class=\"wp-block-column is-layout-flow wp-block-column-is-layout-flow\">\n<figure class=\"wp-block-image size-full is-resized\"><img loading=\"lazy\" decoding=\"async\" width=\"6720\" height=\"4480\" src=\"https:\/\/www.lafermedesbedots.be\/wp-content\/uploads\/2025\/05\/peches-fraiches-cerises-tranches-de-citron-et-menthe-sur-une-surface-en-marbre.jpg\" alt=\"\" class=\"wp-image-220\" style=\"width:620px;height:auto\"\/><figcaption class=\"wp-element-caption\">Illusrtration des fruits du verger<\/figcaption><\/figure>\n<\/div>\n<\/div>\n","protected":false},"excerpt":{"rendered":"<p>Notre camping abrite en son c\u0153ur un magnifique verger compos\u00e9 de nombreux arbres fruitiers qui produisent g\u00e9n\u00e9reusement entre 350 et 500 kg de fruits chaque ann\u00e9e. Ces arbres, parfaitement int\u00e9gr\u00e9s dans l&#8217;espace de notre camping, offrent non seulement de l&#8217;ombre agr\u00e9able mais aussi leurs d\u00e9licieuses r\u00e9coltes. La majeure partie de notre r\u00e9colte est transform\u00e9e en <a class=\"read-more\" href=\"https:\/\/www.lafermedesbedots.be\/index.php\/fruits-du-verger\/\">READ MORE<\/a><\/p>\n","protected":false},"author":1,"featured_media":0,"parent":0,"menu_order":0,"comment_status":"closed","ping_status":"closed","template":"","meta":{"footnotes":""},"class_list":["post-219","page","type-page","status-publish","hentry"],"_links":{"self":[{"href":"https:\/\/www.lafermedesbedots.be\/index.php\/wp-json\/wp\/v2\/pages\/219"}],"collection":[{"href":"https:\/\/www.lafermedesbedots.be\/index.php\/wp-json\/wp\/v2\/pages"}],"about":[{"href":"https:\/\/www.lafermedesbedots.be\/index.php\/wp-json\/wp\/v2\/types\/page"}],"author":[{"embeddable":true,"href":"https:\/\/www.lafermedesbedots.be\/index.php\/wp-json\/wp\/v2\/users\/1"}],"replies":[{"embeddable":true,"href":"https:\/\/www.lafermedesbedots.be\/index.php\/wp-json\/wp\/v2\/comments?post=219"}],"version-history":[{"count":3,"href":"https:\/\/www.lafermedesbedots.be\/index.php\/wp-json\/wp\/v2\/pages\/219\/revisions"}],"predecessor-version":[{"id":258,"href":"https:\/\/www.lafermedesbedots.be\/index.php\/wp-json\/wp\/v2\/pages\/219\/revisions\/258"}],"wp:attachment":[{"href":"https:\/\/www.lafermedesbedots.be\/index.php\/wp-json\/wp\/v2\/media?parent=219"}],"curies":[{"name":"wp","href":"https:\/\/api.w.org\/{rel}","templated":true}]}}