{"id":222,"date":"2025-05-09T12:53:07","date_gmt":"2025-05-09T12:53:07","guid":{"rendered":"https:\/\/www.lafermedesbedots.be\/?page_id=222"},"modified":"2025-05-09T13:03:29","modified_gmt":"2025-05-09T13:03:29","slug":"miel-et-ses-abeilles","status":"publish","type":"page","link":"https:\/\/www.lafermedesbedots.be\/index.php\/miel-et-ses-abeilles\/","title":{"rendered":"Miel des Ruches"},"content":{"rendered":"\n<div class=\"wp-block-columns is-layout-flex wp-container-core-columns-is-layout-1 wp-block-columns-is-layout-flex\">\n<div class=\"wp-block-column is-layout-flow wp-block-column-is-layout-flow\">\n<p>Sur notre ferme, des ruches sont entretenues par un apiculteur local, une tradition qui pr\u00e9c\u00e8de notre arriv\u00e9e sur ces terres. Les abeilles butinent librement nos parcelles et les environs, produisant un miel qui capture l&#8217;essence des floraisons locales.<\/p>\n\n\n\n<p>Le nectar r\u00e9colt\u00e9 ici est m\u00e9lang\u00e9 avec celui des autres ruches de l&#8217;apiculteur, dispos\u00e9es dans les localit\u00e9s voisines, cr\u00e9ant ainsi un miel authentique qui refl\u00e8te la richesse botanique de notre terroir belge.<\/p>\n<\/div>\n\n\n\n<div class=\"wp-block-column is-layout-flow wp-block-column-is-layout-flow\">\n<figure class=\"wp-block-image size-full is-resized\"><img loading=\"lazy\" decoding=\"async\" width=\"5946\" height=\"3345\" src=\"https:\/\/www.lafermedesbedots.be\/wp-content\/uploads\/2025\/05\/pots-de-miel-avec-fumeur-d-abeille-et-nid-d-abeille.jpg\" alt=\"\" class=\"wp-image-223\" style=\"width:617px;height:auto\"\/><figcaption class=\"wp-element-caption\">Illustration de notre miel<\/figcaption><\/figure>\n<\/div>\n<\/div>\n","protected":false},"excerpt":{"rendered":"<p>Sur notre ferme, des ruches sont entretenues par un apiculteur local, une tradition qui pr\u00e9c\u00e8de notre arriv\u00e9e sur ces terres. Les abeilles butinent librement nos parcelles et les environs, produisant un miel qui capture l&#8217;essence des floraisons locales. Le nectar r\u00e9colt\u00e9 ici est m\u00e9lang\u00e9 avec celui des autres ruches de l&#8217;apiculteur, dispos\u00e9es dans les localit\u00e9s <a class=\"read-more\" href=\"https:\/\/www.lafermedesbedots.be\/index.php\/miel-et-ses-abeilles\/\">READ MORE<\/a><\/p>\n","protected":false},"author":1,"featured_media":0,"parent":0,"menu_order":0,"comment_status":"closed","ping_status":"closed","template":"","meta":{"footnotes":""},"class_list":["post-222","page","type-page","status-publish","hentry"],"_links":{"self":[{"href":"https:\/\/www.lafermedesbedots.be\/index.php\/wp-json\/wp\/v2\/pages\/222"}],"collection":[{"href":"https:\/\/www.lafermedesbedots.be\/index.php\/wp-json\/wp\/v2\/pages"}],"about":[{"href":"https:\/\/www.lafermedesbedots.be\/index.php\/wp-json\/wp\/v2\/types\/page"}],"author":[{"embeddable":true,"href":"https:\/\/www.lafermedesbedots.be\/index.php\/wp-json\/wp\/v2\/users\/1"}],"replies":[{"embeddable":true,"href":"https:\/\/www.lafermedesbedots.be\/index.php\/wp-json\/wp\/v2\/comments?post=222"}],"version-history":[{"count":3,"href":"https:\/\/www.lafermedesbedots.be\/index.php\/wp-json\/wp\/v2\/pages\/222\/revisions"}],"predecessor-version":[{"id":238,"href":"https:\/\/www.lafermedesbedots.be\/index.php\/wp-json\/wp\/v2\/pages\/222\/revisions\/238"}],"wp:attachment":[{"href":"https:\/\/www.lafermedesbedots.be\/index.php\/wp-json\/wp\/v2\/media?parent=222"}],"curies":[{"name":"wp","href":"https:\/\/api.w.org\/{rel}","templated":true}]}}