{"id":227,"date":"2025-05-09T12:59:09","date_gmt":"2025-05-09T12:59:09","guid":{"rendered":"https:\/\/www.lafermedesbedots.be\/?page_id=227"},"modified":"2025-05-09T13:03:43","modified_gmt":"2025-05-09T13:03:43","slug":"les-oeufs-du-poulailler","status":"publish","type":"page","link":"https:\/\/www.lafermedesbedots.be\/index.php\/les-oeufs-du-poulailler\/","title":{"rendered":"\u0152ufs du Poulailler"},"content":{"rendered":"\n<div class=\"wp-block-columns is-layout-flex wp-container-core-columns-is-layout-1 wp-block-columns-is-layout-flex\">\n<div class=\"wp-block-column is-layout-flow wp-block-column-is-layout-flow\">\n<p>Notre camping h\u00e9berge une joyeuse troupe de poules qui vivent en libert\u00e9 sur nos espaces verts. Ces gallinac\u00e9es bien nourries et heureuses nous offrent quotidiennement des \u0153ufs d&#8217;une qualit\u00e9 exceptionnelle, aux jaunes orang\u00e9s et aux coquilles solides.<\/p>\n\n\n\n<p>Savourez la diff\u00e9rence de ces \u0153ufs fermiers, r\u00e9colt\u00e9s chaque matin avec soin, pour des petits d\u00e9jeuners incomparables pendant votre s\u00e9jour.<\/p>\n<\/div>\n\n\n\n<div class=\"wp-block-column is-layout-flow wp-block-column-is-layout-flow\">\n<figure class=\"wp-block-image size-full is-resized\"><img loading=\"lazy\" decoding=\"async\" width=\"960\" height=\"640\" src=\"https:\/\/www.lafermedesbedots.be\/wp-content\/uploads\/2025\/05\/Des_Poulets_Goliath_de_couleur_beige_dans_un_poulailler_au_Benin.jpg\" alt=\"\" class=\"wp-image-228\" style=\"width:434px;height:auto\"\/><\/figure>\n<\/div>\n<\/div>\n","protected":false},"excerpt":{"rendered":"<p>Notre camping h\u00e9berge une joyeuse troupe de poules qui vivent en libert\u00e9 sur nos espaces verts. Ces gallinac\u00e9es bien nourries et heureuses nous offrent quotidiennement des \u0153ufs d&#8217;une qualit\u00e9 exceptionnelle, aux jaunes orang\u00e9s et aux coquilles solides. Savourez la diff\u00e9rence de ces \u0153ufs fermiers, r\u00e9colt\u00e9s chaque matin avec soin, pour des petits d\u00e9jeuners incomparables pendant <a class=\"read-more\" href=\"https:\/\/www.lafermedesbedots.be\/index.php\/les-oeufs-du-poulailler\/\">READ MORE<\/a><\/p>\n","protected":false},"author":1,"featured_media":0,"parent":0,"menu_order":0,"comment_status":"closed","ping_status":"closed","template":"","meta":{"footnotes":""},"class_list":["post-227","page","type-page","status-publish","hentry"],"_links":{"self":[{"href":"https:\/\/www.lafermedesbedots.be\/index.php\/wp-json\/wp\/v2\/pages\/227"}],"collection":[{"href":"https:\/\/www.lafermedesbedots.be\/index.php\/wp-json\/wp\/v2\/pages"}],"about":[{"href":"https:\/\/www.lafermedesbedots.be\/index.php\/wp-json\/wp\/v2\/types\/page"}],"author":[{"embeddable":true,"href":"https:\/\/www.lafermedesbedots.be\/index.php\/wp-json\/wp\/v2\/users\/1"}],"replies":[{"embeddable":true,"href":"https:\/\/www.lafermedesbedots.be\/index.php\/wp-json\/wp\/v2\/comments?post=227"}],"version-history":[{"count":2,"href":"https:\/\/www.lafermedesbedots.be\/index.php\/wp-json\/wp\/v2\/pages\/227\/revisions"}],"predecessor-version":[{"id":239,"href":"https:\/\/www.lafermedesbedots.be\/index.php\/wp-json\/wp\/v2\/pages\/227\/revisions\/239"}],"wp:attachment":[{"href":"https:\/\/www.lafermedesbedots.be\/index.php\/wp-json\/wp\/v2\/media?parent=227"}],"curies":[{"name":"wp","href":"https:\/\/api.w.org\/{rel}","templated":true}]}}