{"id":57,"date":"2023-01-30T12:22:22","date_gmt":"2023-01-30T12:22:22","guid":{"rendered":"http:\/\/www.lafermedesbedots.be\/wordpress\/?page_id=57"},"modified":"2025-05-09T13:39:39","modified_gmt":"2025-05-09T13:39:39","slug":"tarifs","status":"publish","type":"page","link":"https:\/\/www.lafermedesbedots.be\/index.php\/tarifs\/","title":{"rendered":"Tarifs camping"},"content":{"rendered":"\n<p>Nous accueillerons avec joie les randonneurs et randonneuses en BIVOUAC (c&#8217;est-\u00e0-dire des promeneurs non-motoris\u00e9s qui arrivent au coucher du soleil et repartent le lendemain en d\u00e9but de matin\u00e9e, qui ne consomment pas d&#8217;\u00e9lectricit\u00e9, ni de douche) \u00e0 la recherche d&#8217;un petit coin de verdure le temps d&#8217;une nuit et ce gratuitement! Une zone \u00e0 part leur est consacr\u00e9e<\/p>\n\n\n\n<p>Pour les autres, nous vous accueillerons avec autant de g\u00e9n\u00e9rosit\u00e9 mais \u00e0 un tarif diff\u00e9rent :<\/p>\n\n\n\n<div class=\"wp-block-group alignwide is-horizontal is-content-justification-left is-nowrap is-layout-flex wp-container-core-group-is-layout-1 wp-block-group-is-layout-flex\">\n<div class=\"wp-block-columns is-layout-flex wp-container-core-columns-is-layout-1 wp-block-columns-is-layout-flex\">\n<div class=\"wp-block-column is-layout-flow wp-block-column-is-layout-flow\" style=\"flex-basis:100%\">\n<figure class=\"wp-block-table alignleft is-style-stripes\"><table><tbody><tr><td><\/td><td><strong>Basse saison<\/strong><\/td><td><strong>Haute saison<\/strong> (Juillet-Ao\u00fbt et jours f\u00e9ri\u00e9s)<\/td><\/tr><tr><td>Adulte<\/td><td>7,50 euros<\/td><td><strong>8 euros<\/strong><\/td><\/tr><tr><td>Enfant (4-15 ans)<\/td><td>2,50 euros<\/td><td>2,50 euros<\/td><\/tr><tr><td>Enfant (0-3 ans)<\/td><td>Gratuit<\/td><td>Gratuit<\/td><\/tr><tr><td>1 voiture, moto<\/td><td>Gratuit*<\/td><td><strong>1 euro<\/strong><\/td><\/tr><tr><td>1 caravane, van am\u00e9nag\u00e9<\/td><td>1 euro*<\/td><td>1 euro<\/td><\/tr><tr><td>1 motorhome<\/td><td>2 euros<\/td><td>2 euros<\/td><\/tr><tr><td>1 petite tente (1-4 places)<\/td><td>Gratuit*<\/td><td>Gratuit<\/td><\/tr><tr><td>1 grande tente (4+)<\/td><td>1 euro*<\/td><td>1 euro<\/td><\/tr><tr><td>\u00c9lectricit\u00e9 tente<\/td><td>2.50 euros \/ adulte<\/td><td>2,50 euros \/ adulte<\/td><\/tr><tr><td>\u00c9lectricit\u00e9 caravane &amp; motorhome<\/td><td>2.50 euros \/ adulte<\/td><td><strong>3 euros \/ adulte<\/strong><\/td><\/tr><tr><td>Long s\u00e9jour (+ de 7 nuits)<\/td><td>Prix sur demande<\/td><td>Prix sur demande<\/td><\/tr><tr><td>Prix de de groupe ( + de 10 personnes)<\/td><td>Prix sur demande<\/td><td>Prix sur demande<\/td><\/tr><tr><td>Location de tout le camping \/jour<\/td><td>250 euros<\/td><td><strong>350 euros<\/strong><\/td><\/tr><\/tbody><\/table><figcaption class=\"wp-element-caption\">* Une seule voiture par unit\u00e9 de logement, le prix Haute saison est appliqu\u00e9 toute l&#8217;ann\u00e9e pour les engins \u00e0 moteur additionnels.<\/figcaption><\/figure>\n<\/div>\n<\/div>\n<\/div>\n\n\n\n<ul class=\"wp-block-list\">\n<li>Les prix sont indicatifs et susceptibles de modifications.<\/li>\n\n\n\n<li>Vous choisissez de prendre le forfait \u00e9lectricit\u00e9 ou pas.<\/li>\n\n\n\n<li>Un Acc\u00e8s Wifi gratuit est disponible \u00e0 l&#8217;accueil.<\/li>\n\n\n\n<li>Les nuit\u00e9es pour animaux sont gratuites.<em> Chaque ma\u00eetre(sse) est tenu(e) pour responsable du comportement de son animal.<\/em> Veillez \u00e0 ramasser leur d\u00e9chets SVP<\/li>\n\n\n\n<li>Le rouleau de papier toilette <strong>n&#8217;est plus gratuit <\/strong>mais nous en mettons \u00e0 disposition \u00e0 l&#8217;accueil pour <strong>0,50 euros\/rouleau <\/strong>(il reste offert pour les longs s\u00e9jours).<\/li>\n<\/ul>\n\n\n\n<p>Des petits coins d\u00e9tente sont \u00e0 votre disposition, avec la possibilit\u00e9 de faire un petit feu de joie !!<\/p>\n\n\n\n<p>Nous disposons \u00e9galement de petits barbecues \u00e0 pr\u00eater et d&#8217;une toute nouvelle terrasse en bois, \u00e0 votre disposition \u00e9galement. <\/p>\n\n\n\n<p style=\"font-size:15px\">Des sachets de charbon de bois sont en vente sur site.<\/p>\n\n\n\n<p><\/p>\n\n\n\n<p><\/p>\n","protected":false},"excerpt":{"rendered":"<p>Nous accueillerons avec joie les randonneurs et randonneuses en BIVOUAC (c&#8217;est-\u00e0-dire des promeneurs non-motoris\u00e9s qui arrivent au coucher du soleil et repartent le lendemain en d\u00e9but de matin\u00e9e, qui ne consomment pas d&#8217;\u00e9lectricit\u00e9, ni de douche) \u00e0 la recherche d&#8217;un petit coin de verdure le temps d&#8217;une nuit et ce gratuitement! Une zone \u00e0 part <a class=\"read-more\" href=\"https:\/\/www.lafermedesbedots.be\/index.php\/tarifs\/\">READ MORE<\/a><\/p>\n","protected":false},"author":1,"featured_media":0,"parent":0,"menu_order":4,"comment_status":"closed","ping_status":"closed","template":"","meta":{"footnotes":""},"class_list":["post-57","page","type-page","status-publish","hentry"],"_links":{"self":[{"href":"https:\/\/www.lafermedesbedots.be\/index.php\/wp-json\/wp\/v2\/pages\/57"}],"collection":[{"href":"https:\/\/www.lafermedesbedots.be\/index.php\/wp-json\/wp\/v2\/pages"}],"about":[{"href":"https:\/\/www.lafermedesbedots.be\/index.php\/wp-json\/wp\/v2\/types\/page"}],"author":[{"embeddable":true,"href":"https:\/\/www.lafermedesbedots.be\/index.php\/wp-json\/wp\/v2\/users\/1"}],"replies":[{"embeddable":true,"href":"https:\/\/www.lafermedesbedots.be\/index.php\/wp-json\/wp\/v2\/comments?post=57"}],"version-history":[{"count":24,"href":"https:\/\/www.lafermedesbedots.be\/index.php\/wp-json\/wp\/v2\/pages\/57\/revisions"}],"predecessor-version":[{"id":256,"href":"https:\/\/www.lafermedesbedots.be\/index.php\/wp-json\/wp\/v2\/pages\/57\/revisions\/256"}],"wp:attachment":[{"href":"https:\/\/www.lafermedesbedots.be\/index.php\/wp-json\/wp\/v2\/media?parent=57"}],"curies":[{"name":"wp","href":"https:\/\/api.w.org\/{rel}","templated":true}]}}