{"id":95,"date":"2023-01-31T22:23:28","date_gmt":"2023-01-31T22:23:28","guid":{"rendered":"http:\/\/www.lafermedesbedots.be\/wordpress\/?page_id=95"},"modified":"2025-05-09T13:23:31","modified_gmt":"2025-05-09T13:23:31","slug":"produits-de-la-ferme","status":"publish","type":"page","link":"https:\/\/www.lafermedesbedots.be\/index.php\/produits-de-la-ferme\/","title":{"rendered":"Produits de la ferme"},"content":{"rendered":"\n<div class=\"wp-block-columns is-layout-flex wp-container-core-columns-is-layout-1 wp-block-columns-is-layout-flex\">\n<div class=\"wp-block-column is-layout-flow wp-block-column-is-layout-flow\">\n<p>D\u00e9couvrez les tr\u00e9sors gourmands de notre ferme, cultiv\u00e9s et r\u00e9colt\u00e9s avec passion directement sur notre domaine :<\/p>\n\n\n\n<ul class=\"wp-block-list has-white-background-color has-background has-medium-font-size\">\n<li><a href=\"https:\/\/www.lafermedesbedots.be\/index.php\/maraichage\/\" data-type=\"page\" data-id=\"211\">Legumes et Mara\u00eechage<\/a><\/li>\n\n\n\n<li><a href=\"https:\/\/www.lafermedesbedots.be\/index.php\/fruits-du-verger\/\" data-type=\"page\" data-id=\"219\">Fruits du Verger<\/a><\/li>\n\n\n\n<li><a href=\"https:\/\/www.lafermedesbedots.be\/index.php\/miel-et-ses-abeilles\/\" data-type=\"page\" data-id=\"222\">Miel des Ruches<\/a><\/li>\n\n\n\n<li><a href=\"https:\/\/www.lafermedesbedots.be\/index.php\/les-oeufs-du-poulailler\/\" data-type=\"page\" data-id=\"227\">\u0152ufs du Poulailler<\/a><\/li>\n<\/ul>\n\n\n\n<p>Pour compl\u00e9ter votre exp\u00e9rience, nous proposons \u00e9galement des bi\u00e8res locales (Brasserie des Fagnes, Chimay), des glaces artisanales et des boissons chaudes.<\/p>\n<\/div>\n\n\n\n<div class=\"wp-block-column is-layout-flow wp-block-column-is-layout-flow\">\n<figure class=\"wp-block-image size-full is-resized\"><img loading=\"lazy\" decoding=\"async\" width=\"447\" height=\"447\" src=\"https:\/\/www.lafermedesbedots.be\/wp-content\/uploads\/2025\/05\/donkeys_5.jpg\" alt=\"\" class=\"wp-image-245\" style=\"width:556px;height:auto\"\/><\/figure>\n<\/div>\n<\/div>\n","protected":false},"excerpt":{"rendered":"<p>D\u00e9couvrez les tr\u00e9sors gourmands de notre ferme, cultiv\u00e9s et r\u00e9colt\u00e9s avec passion directement sur notre domaine : Pour compl\u00e9ter votre exp\u00e9rience, nous proposons \u00e9galement des bi\u00e8res locales (Brasserie des Fagnes, Chimay), des glaces artisanales et des boissons chaudes.<\/p>\n","protected":false},"author":1,"featured_media":0,"parent":0,"menu_order":0,"comment_status":"closed","ping_status":"closed","template":"","meta":{"footnotes":""},"class_list":["post-95","page","type-page","status-publish","hentry"],"_links":{"self":[{"href":"https:\/\/www.lafermedesbedots.be\/index.php\/wp-json\/wp\/v2\/pages\/95"}],"collection":[{"href":"https:\/\/www.lafermedesbedots.be\/index.php\/wp-json\/wp\/v2\/pages"}],"about":[{"href":"https:\/\/www.lafermedesbedots.be\/index.php\/wp-json\/wp\/v2\/types\/page"}],"author":[{"embeddable":true,"href":"https:\/\/www.lafermedesbedots.be\/index.php\/wp-json\/wp\/v2\/users\/1"}],"replies":[{"embeddable":true,"href":"https:\/\/www.lafermedesbedots.be\/index.php\/wp-json\/wp\/v2\/comments?post=95"}],"version-history":[{"count":9,"href":"https:\/\/www.lafermedesbedots.be\/index.php\/wp-json\/wp\/v2\/pages\/95\/revisions"}],"predecessor-version":[{"id":252,"href":"https:\/\/www.lafermedesbedots.be\/index.php\/wp-json\/wp\/v2\/pages\/95\/revisions\/252"}],"wp:attachment":[{"href":"https:\/\/www.lafermedesbedots.be\/index.php\/wp-json\/wp\/v2\/media?parent=95"}],"curies":[{"name":"wp","href":"https:\/\/api.w.org\/{rel}","templated":true}]}}